{"id":27,"date":"2015-12-24T17:18:54","date_gmt":"2015-12-24T16:18:54","guid":{"rendered":"http:\/\/biodescoteaux.fr\/w\/?page_id=27"},"modified":"2024-08-13T16:15:03","modified_gmt":"2024-08-13T15:15:03","slug":"ou-nous-trouver","status":"publish","type":"page","link":"https:\/\/biodescoteaux.fr\/w\/?page_id=27","title":{"rendered":"O\u00f9 nous trouver"},"content":{"rendered":"<h4><span style=\"color: #800000;\"><strong><span style=\"color: #800000;\">\u00c0 la ferme<\/span><\/strong><\/span><\/h4>\n<p><span style=\"color: #800000;\">Pour venir \u00e0 la ferme, cliquez <a class=\"vertf gras\" style=\"color: #800000;\" href=\"https:\/\/biodescoteaux.fr\/w\/?page_id=31#adresse\">ici<\/a>. <\/span><br \/><em><span style=\"color: #800000;\"> Uniquement sur rendez-vous, merci de t\u00e9l\u00e9phoner avant de venir&#8230;<\/span><\/em><\/p>\n<h4><strong><span style=\"color: #800000;\">\u00ab\u00a0Cagette\u00a0\u00bb<\/span><\/strong><\/h4>\n<p><span style=\"color: #800000;\"> commande en ligne pour une livraison chaque <strong>jeudi<\/strong> \u00e0 <strong>Durfort-Lacapelette, <\/strong>de 17h30 \u00e0 19 h<strong><br \/><\/strong><\/span><\/p>\n<p><em><span style=\"color: #800000;\">http:\/\/app.cagette.net\/group\/6891<\/span><\/em><\/p>\n<h4><span style=\"color: #800000;\"><strong><span style=\"color: #800000;\">Boutiques associatives<\/span><\/strong><\/span><\/h4>\n<fieldset><legend><span style=\"color: #800000;\">&#8211; <strong><span style=\"color: #800000;\">LA PETITE GANDILLONE<\/span><\/strong><\/span><\/legend>\n<p><span style=\"color: #800000;\"><em><span style=\"color: #800000;\">Artisanat d&rsquo;art et produits locaux<\/span><\/em><\/span><br \/><span style=\"color: #800000;\"> Place des corni\u00e8res\u00a0\u00a0 82110 <strong><span style=\"color: #800000;\">LAUZERTE<\/span><\/strong><\/span><br \/><span style=\"color: #800000;\"> Tel : <b><span style=\"color: #800000;\">05<\/span>.<span style=\"color: #800000;\">63<\/span>.<span style=\"color: #800000;\">94<\/span>.<span style=\"color: #800000;\">32<\/span>.<span style=\"color: #800000;\">87<\/span><\/b><\/span><\/p>\n<p><span style=\"color: #800000;\">&#8211;<strong><span style=\"color: #800000;\"> LE<\/span> <span style=\"color: #800000;\">RECANTOU <\/span><\/strong>&#8211; L&rsquo;autre \u00e9picerie<\/span><\/p>\n<p><span style=\"color: #800000;\"><em><b><span style=\"color: #800000;\">\u00c9<\/span><b><span style=\"color: #800000;\">picerie<b><span style=\"color: #800000;\"> Paysanne<\/span> <span style=\"color: #800000;\">et<\/span> <span style=\"color: #800000;\">Culturelle<\/span><\/b><\/span><\/b><\/b><\/em><\/span><br \/><span style=\"color: #800000;\"> 42 rue des 7 Troubadours\u00a0 31000 <strong><span style=\"color: #800000;\">TOULOUSE<\/span><\/strong><\/span><br \/><span style=\"color: #800000;\"> Tel : <b><span style=\"color: #800000;\">05.61.15.59.97<\/span><\/b><\/span><\/p>\n<h4><span style=\"color: #800000;\"><strong><span style=\"color: #800000;\">Groupement<\/span> <span style=\"color: #800000;\">de<\/span> <span style=\"color: #800000;\">consommateurs <\/span><\/strong><\/span><\/h4>\n<p><span style=\"color: #800000;\"><strong>\u00a0\u00bb <span style=\"color: #800000;\">BIOLIB<\/span>\u00a0\u00bb <\/strong>\u00e0 <strong><span style=\"color: #800000;\">TOULOUSE\u00a0\u00a0\u00a0 <\/span><\/strong><strong><span style=\"color: #800000;\"><br \/><\/span><\/strong><\/span><\/p>\n<p><span style=\"color: #800000;\">\u00a0\u00bb <strong><span style=\"color: #800000;\">UN<\/span> <span style=\"color: #800000;\">GOUT<\/span> <span style=\"color: #800000;\">D&rsquo;ICI <\/span><\/strong>\u00a0\u00bb \u00e0 <strong><span style=\"color: #800000;\">MONTBERON<\/span> \u00a0\u00a0\u00a0<span style=\"color: #800000;\">\u00a0<\/span><\/strong><strong>\u00a0 <\/strong><br \/><\/span><\/p>\n<\/fieldset>\n<h4><span style=\"color: #800000;\"><strong><span style=\"color: #800000;\">Revendeurs<\/span><\/strong><\/span><span style=\"color: #800000;\"><span style=\"color: #800000;\">\u00a0\u00a0\u00a0\u00a0\u00a0\u00a0\u00a0\u00a0\u00a0\u00a0\u00a0\u00a0\u00a0\u00a0\u00a0\u00a0 <\/span><\/span><span style=\"color: #800000;\"><br \/><\/span><\/h4>\n<p><span style=\"color: #800000;\">\u00a0\u00a0\u00a0\u00a0\u00a0\u00a0 11 AUDE<\/span><\/p>\n<ul>\n<li><span style=\"color: #800000;\"><strong>AU RENDEZ-VOUS DES PETITS PLAISIRS- <\/strong>\u00a0\u00bb cit\u00e9 m\u00e9di\u00e9vale\u00a0\u00bb de <strong>CARCASSONNE<\/strong><br \/><\/span><\/li>\n<\/ul>\n<p><span style=\"color: #800000;\">\u00a0\u00a0\u00a0\u00a0\u00a0 <\/span><span style=\"color: #800000;\">31 HAUTE GARONNE<\/span><\/p>\n<ul>\n<li><span style=\"color: #800000;\"><strong><span style=\"color: #800000;\">BIOCOOP GRANDEUR NATURE &#8211;<\/span>\u00a0 <\/strong>21 avenue des \u00e9coles Jules Julien, 31400 <strong><span style=\"color: #800000;\">TOULOUSE<\/span> <\/strong><br \/><\/span><\/li>\n<li><span style=\"color: #800000;\"><strong><span style=\"color: #800000;\">BIOCOOP MONTREDON<\/span><span style=\"color: #800000;\"> &#8211;<\/span><\/strong>\u00a0 2 rue d&rsquo;Ariane, 31240 <strong><span style=\"color: #800000;\">L&rsquo;UNION<\/span>\u00a0 <\/strong><\/span><cite class=\"_Rm\"><\/cite><span style=\"color: #800000;\"><br \/><\/span><\/li>\n<li><span style=\"color: #800000;\"><strong><span style=\"color: #800000;\">LA DISPUTE AUX OISEAUX<\/span><span style=\"color: #800000;\"> &#8211;\u00a0<\/span><\/strong> 26 all\u00e9es Charles de Fitte, 31300 <strong><span style=\"color: #800000;\">TOULOUSE<\/span><\/strong> <\/span><span style=\"color: #800000;\"><span style=\"color: #800000;\">\u00a0 <cite class=\"_Rm bc\"><\/cite><\/span><\/span><\/li>\n<li><strong><span style=\"color: #800000;\">COMPTOIR SAINT-AGNE &#8211; <\/span><\/strong><span style=\"color: #800000;\">22 avenue de l&rsquo;URSS,<\/span> <span style=\"color: #800000;\">31400 <\/span><strong><span style=\"color: #800000;\">TOULOUSE <\/span><\/strong><span style=\"color: #800000;\"><strong><span style=\"color: #800000;\">\u00a0 <\/span><\/strong><\/span><span style=\"color: #800000;\"><strong><br \/><\/strong><\/span><\/li>\n<li><span style=\"color: #800000;\"><strong>CECI-CELA<\/strong> &#8211; <span class=\"LrzXr\">7 Rue Baour Lormian, 31000 <strong>TOULOUSE\u00a0<\/strong><\/span><\/span><\/li>\n<li><span style=\"color: #800000;\"><strong>CECI-CELA <\/strong>&#8211; 143 grande rue Saint-Michel, 31400 <strong>TOULOUSE <\/strong><\/span><\/li>\n<li><span style=\"color: #800000;\"><strong>LES P\u00caCHERS SAUVAGES<\/strong> &#8211; 134 avenue Jean Rieux, 31400 <strong>TOULOUSE<\/strong><\/span><\/li>\n<li><span style=\"color: #800000;\"><strong>LES CUEILLEUSES<\/strong> &#8211; 29 rue de la R\u00e9publique, 31000 <strong>TOULOUSE<\/strong><\/span><\/li>\n<li><span style=\"color: #800000;\"><strong>A LA SAISON GO\u00dbTEUSE<\/strong> &#8211; 15 boulevard Jean Brunhes, 31300 <strong>TOULOUSE<\/strong><\/span><\/li>\n<li><span style=\"color: #800000;\"><strong>LE PARFUM DES POMMES<\/strong> &#8211; 84 avenue Antoine de Saint-Exup\u00e9ry , 31400 <strong>TOULOUSE<\/strong><\/span><\/li>\n<\/ul>\n<div class=\"action-menu ab_ctl\" style=\"padding-left: 30px;\"><span style=\"color: #800000;\">\u00a0<\/span><\/div>\n<p style=\"padding-left: 30px;\"><span style=\"color: #800000;\">46 LOT<\/span><\/p>\n<ul>\n<li><span style=\"color: #800000;\"><strong>BIOCOOP CROIX DE FER<\/strong> &#8211; 563 avenue Maryse Basti\u00e9 46000 <strong>CAHORS<\/strong><\/span><\/li>\n<li><span style=\"color: #800000;\"><strong>BIOCOOP BELLECROIX<\/strong> &#8211; 356 chemin de Bellecroix 46000 <strong>CAHORS<\/strong><\/span><\/li>\n<li><span style=\"color: #800000;\"><strong>BIOCOOP CATH\u00c9DRALE<\/strong> &#8211; 75 place Cl\u00e9ment Marot 46000 <strong>CAHORS<\/strong><\/span><\/li>\n<li><span style=\"color: #800000;\"><strong>LE FRUIT DE LA TERRE<\/strong> &#8211;<\/span>\u00a0<span style=\"color: #800000;\">10 rue Ernest Marcouly, 46700 <strong>PUY L&rsquo;\u00c9V\u00caQUE <\/strong><\/span><\/li>\n<\/ul>\n<p style=\"padding-left: 30px;\"><span style=\"color: #800000;\">81 TARN<\/span><\/p>\n<ul>\n<li><span style=\"color: #800000;\"><span style=\"color: #800000;\"><strong><span style=\"color: #800000;\">LES D\u00c9LICES DU TERROIR<\/span><span style=\"color: #800000;\"> &#8211;<\/span><\/strong>\u00a0 24 Grand Rue Raymond VII &#8211; 81170 <strong><span style=\"color: #800000;\">CORDES<\/span> <span style=\"color: #800000;\">SUR<\/span> <span style=\"color: #800000;\">CIEL<\/span><\/strong><\/span><\/span><\/li>\n<li><span style=\"color: #800000;\"><strong><span style=\"color: #800000;\">CH\u00c2TEAU DE PENNE<\/span><\/strong> &#8211; Le village 8110 <strong><span style=\"color: #800000;\">PENNE \u00a0<\/span><\/strong> <\/span><\/li>\n<\/ul>\n<p style=\"padding-left: 30px;\"><span style=\"color: #800000;\">82 TARN &amp; GARONNE<\/span><span style=\"color: #800000;\"><strong><span style=\"color: #800000;\">\u00a0 <\/span><\/strong><\/span><span style=\"color: #800000;\"><br \/><\/span><cite class=\"_Rm\"><\/cite><\/p>\n<ul>\n<li><span style=\"color: #800000;\"><strong><span style=\"color: #800000;\">LA FERME DES PIBOULS<\/span><span style=\"color: #800000;\"> &#8211; <\/span><\/strong>1440 route de Saint Antonin &#8211; 82000 <strong><span style=\"color: #800000;\">MONTAUBAN\u00a0 <\/span><\/strong><\/span><span style=\"color: #800000;\"><br \/><\/span><\/li>\n<li><span style=\"color: #800000;\"><strong><span style=\"color: #800000;\">INTERMARCH\u00c9 d&rsquo;<\/span> <\/strong>Aul\u00e9ry\u00a0 82110 <strong><span style=\"color: #800000;\">LAUZERTE\u00a0 <\/span><\/strong><\/span><strong><span style=\"color: #800000;\">\u00a0<\/span> <\/strong> <cite class=\"_Rm bc\"><\/cite><\/li>\n<li><span style=\"color: #800000;\"><strong><span style=\"color: #800000;\">BIOCOOP MOISSAC &#8211; <\/span><\/strong><span style=\"color: #800000;\">730 route de la M\u00e9g\u00e8re 82200<\/span><strong><span style=\"color: #800000;\"> MOISSAC <\/span><\/strong><cite class=\"_Rm\"><\/cite> <\/span><\/li>\n<li><span style=\"color: #800000;\"><strong>OFFICE DE TOURISME DE MOISSAC<\/strong> &#8211; 1 Boulevard de Brienne, 82200 <strong>MOISSAC<\/strong><\/span><\/li>\n<li><span style=\"color: #800000;\"><strong>l\u2019\u00c9PICERIE &#8211; <\/strong>6 rue de la fraternit\u00e9<strong> &#8211; <\/strong>82800 <strong>BRUNIQUEL<\/strong><\/span><\/li>\n<li><span style=\"color: #800000;\"><strong>AU PANIER D&rsquo;ALICE<\/strong> &#8211; <span class=\"LrzXr\">1715 Rte de Castelsarrasin, 82290 <strong>MONTBETON<\/strong><\/span><\/span><\/li>\n<li><span style=\"color: #800000;\"><strong>COULEUR CAF\u00c9<\/strong> &#8211; 1155 avenue de l&rsquo;Europe, 82000 <strong>MONTAUBAN<\/strong><\/span><\/li>\n<li><span style=\"color: #800000;\"><strong>L\u2019\u00c9CLAT DES SAISONS<\/strong> -111 place Cortete de Prades, 47240 <strong>LAFOX<\/strong><\/span><\/li>\n<li><span style=\"color: #800000;\"><strong>L&rsquo;ATELIER DU BONGOUT<\/strong> &#8211; 3 all\u00e9e des Platanes, 46800 <strong>MONTCUQ en Quercy Blanc<\/strong><\/span><\/li>\n<\/ul>\n\n\n<pre class=\"wp-block-preformatted\"><\/pre>\n\n\n\n<div class=\"wp-block-contact-form-7-contact-form-selector\"><p class=\"wpcf7-contact-form-not-found\"><strong>Erreur\u00a0:<\/strong> Formulaire de contact non trouv\u00e9\u00a0!<\/p><\/div>\n\n\n\n<div class=\"wp-block-contact-form-7-contact-form-selector\"><p class=\"wpcf7-contact-form-not-found\"><strong>Erreur\u00a0:<\/strong> Formulaire de contact non trouv\u00e9\u00a0!<\/p><\/div>\n\n\n\n<div class=\"wp-block-buttons is-layout-flex wp-block-buttons-is-layout-flex\"><\/div>\n\n\n\n<details class=\"wp-block-details is-layout-flow wp-block-details-is-layout-flow\"><summary>Details<\/summary>\n<p><\/p>\n<\/details>\n\n\n\n<p><\/p>\n","protected":false},"excerpt":{"rendered":"<p>\u00c0 la ferme Pour venir \u00e0 la ferme, cliquez ici. Uniquement sur rendez-vous, merci de t\u00e9l\u00e9phoner avant de venir&#8230; \u00ab\u00a0Cagette\u00a0\u00bb commande en ligne pour une livraison chaque jeudi \u00e0 Durfort-Lacapelette, de 17h30 \u00e0 19 h http:\/\/app.cagette.net\/group\/6891 Boutiques associatives &#8211; LA PETITE GANDILLONE Artisanat d&rsquo;art et produits locaux Place des corni\u00e8res\u00a0\u00a0 &#8230;<\/p>\n","protected":false},"author":1,"featured_media":0,"parent":0,"menu_order":0,"comment_status":"closed","ping_status":"closed","template":"template-full-width.php","meta":{"footnotes":""},"class_list":["post-27","page","type-page","status-publish","hentry","column","threecol"],"_links":{"self":[{"href":"https:\/\/biodescoteaux.fr\/w\/index.php?rest_route=\/wp\/v2\/pages\/27","targetHints":{"allow":["GET"]}}],"collection":[{"href":"https:\/\/biodescoteaux.fr\/w\/index.php?rest_route=\/wp\/v2\/pages"}],"about":[{"href":"https:\/\/biodescoteaux.fr\/w\/index.php?rest_route=\/wp\/v2\/types\/page"}],"author":[{"embeddable":true,"href":"https:\/\/biodescoteaux.fr\/w\/index.php?rest_route=\/wp\/v2\/users\/1"}],"replies":[{"embeddable":true,"href":"https:\/\/biodescoteaux.fr\/w\/index.php?rest_route=%2Fwp%2Fv2%2Fcomments&post=27"}],"version-history":[{"count":38,"href":"https:\/\/biodescoteaux.fr\/w\/index.php?rest_route=\/wp\/v2\/pages\/27\/revisions"}],"predecessor-version":[{"id":223,"href":"https:\/\/biodescoteaux.fr\/w\/index.php?rest_route=\/wp\/v2\/pages\/27\/revisions\/223"}],"wp:attachment":[{"href":"https:\/\/biodescoteaux.fr\/w\/index.php?rest_route=%2Fwp%2Fv2%2Fmedia&parent=27"}],"curies":[{"name":"wp","href":"https:\/\/api.w.org\/{rel}","templated":true}]}}