{"id":31,"date":"2015-12-24T17:19:36","date_gmt":"2015-12-24T16:19:36","guid":{"rendered":"http:\/\/biodescoteaux.fr\/w\/?page_id=31"},"modified":"2025-03-16T19:40:58","modified_gmt":"2025-03-16T18:40:58","slug":"contact","status":"publish","type":"page","link":"https:\/\/biodescoteaux.fr\/w\/?page_id=31","title":{"rendered":"Contact"},"content":{"rendered":"<h4><strong><span style=\"color: #800000;\">Par mail :<br \/>\n<\/span><\/strong><\/h4>\n<p><span style=\"color: #800000;\">Veuillez utiliser le formulaire ci-dessous.<\/span><\/p>\n<p><span style=\"color: #800000;\">\n<div class=\"wpcf7 no-js\" id=\"wpcf7-f50-o1\" lang=\"fr-FR\" dir=\"ltr\" data-wpcf7-id=\"50\">\n<div class=\"screen-reader-response\"><p role=\"status\" aria-live=\"polite\" aria-atomic=\"true\"><\/p> <ul><\/ul><\/div>\n<form action=\"\/w\/index.php?rest_route=%2Fwp%2Fv2%2Fpages%2F31#wpcf7-f50-o1\" method=\"post\" class=\"wpcf7-form init\" aria-label=\"Formulaire de contact\" novalidate=\"novalidate\" data-status=\"init\">\n<fieldset class=\"hidden-fields-container\"><input type=\"hidden\" name=\"_wpcf7\" value=\"50\" \/><input type=\"hidden\" name=\"_wpcf7_version\" value=\"6.1.5\" \/><input type=\"hidden\" name=\"_wpcf7_locale\" value=\"fr_FR\" \/><input type=\"hidden\" name=\"_wpcf7_unit_tag\" value=\"wpcf7-f50-o1\" \/><input type=\"hidden\" name=\"_wpcf7_container_post\" value=\"0\" \/><input type=\"hidden\" name=\"_wpcf7_posted_data_hash\" value=\"\" \/>\n<\/fieldset>\n<p>Votre nom (obligatoire)\n<\/p>\n<p><span class=\"wpcf7-form-control-wrap\" data-name=\"your-name\"><input size=\"40\" maxlength=\"400\" class=\"wpcf7-form-control wpcf7-text wpcf7-validates-as-required\" aria-required=\"true\" aria-invalid=\"false\" value=\"\" type=\"text\" name=\"your-name\" \/><\/span>\n<\/p>\n<p>Votre email (obligatoire)\n<\/p>\n<p><span class=\"wpcf7-form-control-wrap\" data-name=\"your-email\"><input size=\"40\" maxlength=\"400\" class=\"wpcf7-form-control wpcf7-email wpcf7-validates-as-required wpcf7-text wpcf7-validates-as-email\" aria-required=\"true\" aria-invalid=\"false\" value=\"\" type=\"email\" name=\"your-email\" \/><\/span>\n<\/p>\n<p>Sujet\n<\/p>\n<p><span class=\"wpcf7-form-control-wrap\" data-name=\"your-subject\"><input size=\"40\" maxlength=\"400\" class=\"wpcf7-form-control wpcf7-text\" aria-invalid=\"false\" value=\"\" type=\"text\" name=\"your-subject\" \/><\/span>\n<\/p>\n<p>Votre message\n<\/p>\n<p><span class=\"wpcf7-form-control-wrap\" data-name=\"your-message\"><textarea cols=\"40\" rows=\"10\" maxlength=\"2000\" class=\"wpcf7-form-control wpcf7-textarea\" aria-invalid=\"false\" name=\"your-message\"><\/textarea><\/span>\n<\/p>\n<p>Merci de saisir ce code\n<\/p>\n<p><input type=\"hidden\" name=\"_wpcf7_captcha_challenge_captcha-1\" value=\"4159122008\" \/><img loading=\"lazy\" decoding=\"async\" class=\"wpcf7-form-control wpcf7-captchac wpcf7-captcha-captcha-1\" width=\"72\" height=\"24\" alt=\"captcha\" src=\"https:\/\/biodescoteaux.fr\/w\/wp-content\/uploads\/wpcf7_captcha\/4159122008.png\" \/><span class=\"wpcf7-form-control-wrap\" data-name=\"captcha-1\"><input size=\"40\" class=\"wpcf7-form-control wpcf7-captchar\" autocomplete=\"off\" aria-invalid=\"false\" value=\"\" type=\"text\" name=\"captcha-1\" \/><\/span>\n<\/p>\n<p><input class=\"wpcf7-form-control wpcf7-submit has-spinner\" type=\"submit\" value=\"Envoyer\" \/>\n<\/p><div class=\"wpcf7-response-output\" aria-hidden=\"true\"><\/div>\n<\/form>\n<\/div>\n<\/span><\/p>\n<hr \/>\n<h4 id=\"adresse\"><strong><span style=\"color: #800000;\">Venir \u00e0 la ferme \/<b>GPS :<\/b><\/span><\/strong><\/h4>\n<p><span style=\"color: #800000;\">Latitude : 44.157834<\/span><br \/>\n<span style=\"color: #800000;\">Longitude : 1.149606<\/span><\/p>\n<hr \/>\n<h4 style=\"text-align: left;\"><strong><span style=\"color: #800000;\">Adresse :<br \/>\n<\/span><\/strong><\/h4>\n<p style=\"text-align: left;\"><span style=\"color: #800000;\">Bio des coteaux<br \/>\n1335 chemin de Rozi\u00e8res<br \/>\nSt Hubert<br \/>\n82 390 DURFORT-LACAPELETTE<br \/>\nFrance<\/span><\/p>\n<hr \/>\n<h4><span style=\"color: #800000;\"><strong>T\u00e9l\u00e9phoner<\/strong> :<\/span><\/h4>\n<p><span style=\"color: #800000;\"> 06.35.34.56.87<\/span><\/p>\n","protected":false},"excerpt":{"rendered":"<p>Par mail : Veuillez utiliser le formulaire ci-dessous. Venir \u00e0 la ferme \/GPS : Latitude : 44.157834 Longitude : 1.149606 Adresse : Bio des coteaux 1335 chemin de Rozi\u00e8res St Hubert 82 390 DURFORT-LACAPELETTE France T\u00e9l\u00e9phoner : 06.35.34.56.87<\/p>\n","protected":false},"author":1,"featured_media":0,"parent":0,"menu_order":0,"comment_status":"closed","ping_status":"closed","template":"template-full-width.php","meta":{"footnotes":""},"class_list":["post-31","page","type-page","status-publish","hentry","column","threecol"],"_links":{"self":[{"href":"https:\/\/biodescoteaux.fr\/w\/index.php?rest_route=\/wp\/v2\/pages\/31","targetHints":{"allow":["GET"]}}],"collection":[{"href":"https:\/\/biodescoteaux.fr\/w\/index.php?rest_route=\/wp\/v2\/pages"}],"about":[{"href":"https:\/\/biodescoteaux.fr\/w\/index.php?rest_route=\/wp\/v2\/types\/page"}],"author":[{"embeddable":true,"href":"https:\/\/biodescoteaux.fr\/w\/index.php?rest_route=\/wp\/v2\/users\/1"}],"replies":[{"embeddable":true,"href":"https:\/\/biodescoteaux.fr\/w\/index.php?rest_route=%2Fwp%2Fv2%2Fcomments&post=31"}],"version-history":[{"count":8,"href":"https:\/\/biodescoteaux.fr\/w\/index.php?rest_route=\/wp\/v2\/pages\/31\/revisions"}],"predecessor-version":[{"id":230,"href":"https:\/\/biodescoteaux.fr\/w\/index.php?rest_route=\/wp\/v2\/pages\/31\/revisions\/230"}],"wp:attachment":[{"href":"https:\/\/biodescoteaux.fr\/w\/index.php?rest_route=%2Fwp%2Fv2%2Fmedia&parent=31"}],"curies":[{"name":"wp","href":"https:\/\/api.w.org\/{rel}","templated":true}]}}